{"id":16438,"date":"2021-11-30T09:11:13","date_gmt":"2021-11-30T09:11:13","guid":{"rendered":"http:\/\/amade.udg.edu\/?page_id=16438"},"modified":"2021-11-30T09:11:13","modified_gmt":"2021-11-30T09:11:13","slug":"innohybox","status":"publish","type":"page","link":"https:\/\/amade.udg.edu\/index.php\/research\/projects\/innohybox\/","title":{"rendered":"innohybox"},"content":{"rendered":"<p>[vc_row css_animation=\u00bb\u00bb row_type=\u00bbrow\u00bb use_row_as_full_screen_section=\u00bbno\u00bb type=\u00bbfull_width\u00bb angled_section=\u00bbno\u00bb text_align=\u00bbleft\u00bb background_image_as_pattern=\u00bbwithout_pattern\u00bb][vc_column][vc_column_text]<img fetchpriority=\"high\" decoding=\"async\" class=\"size-medium wp-image-16379 aligncenter\" src=\"http:\/\/amade.udg.edu\/wp-content\/uploads\/2021\/09\/innohybox-project-300x254.png\" alt=\"\" width=\"300\" height=\"254\" srcset=\"https:\/\/amade.udg.edu\/wp-content\/uploads\/2021\/09\/innohybox-project-300x254.png 300w, https:\/\/amade.udg.edu\/wp-content\/uploads\/2021\/09\/innohybox-project-1024x868.png 1024w, https:\/\/amade.udg.edu\/wp-content\/uploads\/2021\/09\/innohybox-project-768x651.png 768w, https:\/\/amade.udg.edu\/wp-content\/uploads\/2021\/09\/innohybox-project-700x593.png 700w, https:\/\/amade.udg.edu\/wp-content\/uploads\/2021\/09\/innohybox-project.png 1287w\" sizes=\"(max-width: 300px) 100vw, 300px\" \/>[\/vc_column_text][vc_column_text]<\/p>\n<p style=\"text-align: center;\">Period: 01\/01\/2018-30\/06\/2020<\/p>\n<p style=\"text-align: center;\">Partners: Dassault Aviation (topic manager), Eurecat (Coordinator), AMADE, Sofitec<\/p>\n<p style=\"text-align: center;\">Project manager: Josep Costa<\/p>\n<p style=\"text-align: center;\">Contact: <a href=\"mailto: josep.costa@udg.edu\">josep.costa@udg.edu<\/a><\/p>\n<p style=\"text-align: center;\">Other AMADE people involved in project: Aravind Sasikumar, Jos\u00e9 Manuel, Joaquim Vila Bramon<\/p>\n<p style=\"text-align: center;\">Partners:<\/p>\n<p><img decoding=\"async\" class=\"size-medium wp-image-15886 aligncenter\" src=\"http:\/\/amade.udg.edu\/wp-content\/uploads\/2021\/09\/amade-udg-imp4-300x99.png\" alt=\"\" width=\"300\" height=\"99\" srcset=\"https:\/\/amade.udg.edu\/wp-content\/uploads\/2021\/09\/amade-udg-imp4-300x99.png 300w, https:\/\/amade.udg.edu\/wp-content\/uploads\/2021\/09\/amade-udg-imp4.png 462w\" sizes=\"(max-width: 300px) 100vw, 300px\" \/><\/p>\n<p>&nbsp;<\/p>\n<p style=\"text-align: center;\">Funding by:<\/p>\n<p><img decoding=\"async\" class=\"size-full wp-image-16393 aligncenter\" src=\"http:\/\/amade.udg.edu\/wp-content\/uploads\/2021\/09\/EU_CS2_logo_2-1-300x300-1.png\" alt=\"\" width=\"300\" height=\"300\" srcset=\"https:\/\/amade.udg.edu\/wp-content\/uploads\/2021\/09\/EU_CS2_logo_2-1-300x300-1.png 300w, https:\/\/amade.udg.edu\/wp-content\/uploads\/2021\/09\/EU_CS2_logo_2-1-300x300-1-150x150.png 150w\" sizes=\"(max-width: 300px) 100vw, 300px\" \/>[\/vc_column_text][vc_row_inner row_type=\u00bbrow\u00bb type=\u00bbfull_width\u00bb text_align=\u00bbleft\u00bb css_animation=\u00bb\u00bb][vc_column_inner][\/vc_column_inner][\/vc_row_inner][vc_row_inner row_type=\u00bbrow\u00bb type=\u00bbfull_width\u00bb text_align=\u00bbleft\u00bb css_animation=\u00bb\u00bb padding_top=\u00bb30&#8243; padding_bottom=\u00bb10&#8243;][vc_column_inner width=\u00bb1\/6&#8243;][\/vc_column_inner][vc_column_inner width=\u00bb2\/3&#8243;][vc_column_text el_class=\u00bbtext-suave\u00bb]<\/p>\n<p style=\"text-align: center;\">This project has received funding from the Clean Sky 2 Joint Undertaking (JU) under grant agreement No. 7854333. The JU receives support from the European Union\u2019s Horizon 2020 research and innovation programme and the Clean Sky 2 JU members other than the Union.<\/p>\n<p style=\"text-align: center;\">Any dissemination of results\/communication activity related to the project must indicate that it reflects only the author\u2019s view and that the JU is not responsible for any use that may be made of the information it contains.<\/p>\n<p>[\/vc_column_text][\/vc_column_inner][vc_column_inner width=\u00bb1\/6&#8243;][\/vc_column_inner][\/vc_row_inner][\/vc_column][\/vc_row][vc_row css_animation=\u00bb\u00bb row_type=\u00bbrow\u00bb use_row_as_full_screen_section=\u00bbno\u00bb type=\u00bbfull_width\u00bb angled_section=\u00bbno\u00bb text_align=\u00bbleft\u00bb background_image_as_pattern=\u00bbwithout_pattern\u00bb z_index=\u00bb\u00bb padding_top=\u00bb50&#8243; padding_bottom=\u00bb50&#8243;][vc_column][vc_column_text]<\/p>\n<h2><strong>DESCRIPTION<\/strong><\/h2>\n<p>&nbsp;<\/p>\n<p>In the recent decades, aeronautic industries have emerged in the application of different materials in a primary aircraft structure tailored towards weight optimization. However, within the framework of thermo-mechanical loads, a structure with different materials undergoes differential deformations due to the mismatch in their thermal coefficients. Hence, this project\u2019s prime objective is to propose an optimized design of a hybrid wing box that is made of metallic and composite parts. To achieve this, it is necessary to have a better understanding of the thermally induced loads on the hybrid bolted assemblies. A building block approach, from the thermal characterization of the coupon level specimens to the complete thermal testing of a whole wing box assembly is the frame of the project. In-parallel numerical models are developed to model the thermo-mechanical effects in the hybrid assemblies and are used to facilitate the optimization process.<\/p>\n<p>The topic manager of the project is Dassault Aviation and the consortium is formed by partners who are experienced in composite material manufacturing and design optimization, as well as in experimental and numerical testing of advanced composite structures. Eurecat, the project coordinator is responsible for the designing and optimization process of the whole hybrid wingbox assembly. The experimental characterization at coupon level and the whole assembly is performed by AMADE. In addition, AMADE develops a numerical model to predict the thermal response accurately to be used for the design optimization. The last partner, Sofitec, leads the manufacturing of the different wing box components and their assembly.[\/vc_column_text][\/vc_column][\/vc_row][vc_row css_animation=\u00bb\u00bb row_type=\u00bbrow\u00bb use_row_as_full_screen_section=\u00bbno\u00bb type=\u00bbfull_width\u00bb angled_section=\u00bbno\u00bb text_align=\u00bbleft\u00bb background_image_as_pattern=\u00bbwithout_pattern\u00bb][vc_column][vc_column_text]<\/p>\n<h3>RECENT NEWS<\/h3>\n<p>[\/vc_column_text]\n<div class='latest_post_holder image_in_box  ' >\n    <ul>\n    \n        <li class=\"clearfix\">\n            <div class=\"latest_post\"  >\n                <div class=\"latest_post_image clearfix\">\n                    <a itemprop=\"url\" href=\"https:\/\/amade.udg.edu\/index.php\/2022\/03\/25\/composites-guerrero\/\">\n                                                <img decoding=\"async\" itemprop=\"image\" src=\"https:\/\/amade.udg.edu\/wp-content\/uploads\/2022\/03\/NEWS_WEB_PAPER_GUERRERO_ET_AL_2022-150x150.jpg\" alt=\"\" \/>\n                    <\/a>\n                <\/div>\n\n\n                <div class=\"latest_post_text\">\n                    <div class=\"latest_post_inner\">\n                        <div class=\"latest_post_text_inner\">\n                            <h3 itemprop=\"name\" class=\"latest_post_title entry_title\"><a itemprop=\"url\" href=\"https:\/\/amade.udg.edu\/index.php\/2022\/03\/25\/composites-guerrero\/\">New paper on simulation and experimental testing of a bolted carbon-aluminium hybrid wingbox assembly under thermal loads<\/a><\/h3>\n                            <p class=\"excerpt\">The paper entitled \u201cSimulaci\u00f3n y ensayo experimental de un caj\u00f3n de ala con uniones atornilladas h\u00edbridas compuesto-aluminio sujeto a cargas t\u00e9rmicas\u201d (Simulation and experimental testing of a bolted carbon-aluminium hybrid wingbox assembly under thermal loads) has been recently published by......<\/p>\n                            <span class=\"post_infos\">\n                                                                    <span class=\"date_hour_holder\">\n                                        <span itemprop=\"dateCreated\" class=\"date entry_date updated\">25 marzo, 2022 <meta itemprop=\"interactionCount\" content=\"UserComments: 0\"\/><\/span>\n                                    <\/span>\n                                \n                                \n                                \n                                                                    <span class=\"dots\"><i class=\"fa fa-square\"><\/i><\/span>\n                                    <span class=\"blog_like\"><a  href=\"#\" class=\"qode-like\" id=\"qode-like-16753\" title=\"Like this\">1<span>  Like<\/span><\/a><\/span>\n                                \n                                                                        <span class=\"dots\"><i class=\"fa fa-square\"><\/i><\/span>\n                                        <div class=\"blog_share qode_share\"><div class=\"social_share_holder\"><a href=\"javascript:void(0)\" target=\"_self\"><span class=\"social_share_title\">Share<\/span><\/a><div class=\"social_share_dropdown\"><div class=\"inner_arrow\"><\/div><ul><li class=\"facebook_share\"><a href=\"javascript:void(0)\" onclick=\"window.open('https:\/\/www.facebook.com\/sharer.php?u=https%3A%2F%2Famade.udg.edu%2Findex.php%2F2022%2F03%2F25%2Fcomposites-guerrero%2F', 'sharer', 'toolbar=0,status=0,width=620,height=280');\"><i class=\"fa fa-facebook\"><\/i><\/a><\/li><li class=\"twitter_share\"><a href=\"#\" onclick=\"popUp=window.open('https:\/\/twitter.com\/share?status=The+paper+entitled+%E2%80%9CSimulaci%C3%B3n+y+ensayo+experimental+de+un+caj%C3%B3n+de+ala+con+uniones+atornilladas+h%C3%ADbridas+https:\/\/amade.udg.edu\/index.php\/2022\/03\/25\/composites-guerrero\/', 'popupwindow', 'scrollbars=yes,width=800,height=400');popUp.focus();return false;\"><i class=\"fa fa-twitter\"><\/i><\/a><\/li><li  class=\"linkedin_share\"><a href=\"#\" onclick=\"popUp=window.open('https:\/\/linkedin.com\/shareArticle?mini=true&amp;url=https%3A%2F%2Famade.udg.edu%2Findex.php%2F2022%2F03%2F25%2Fcomposites-guerrero%2F&amp;title=New+paper+on+simulation+and+experimental+testing+of+a+bolted+carbon-aluminium+hybrid+wingbox+assembly+under+thermal+loads', 'popupwindow', 'scrollbars=yes,width=800,height=400');popUp.focus();return false\"><i class=\"fa fa-linkedin\"><\/i><\/a><\/li><\/ul><\/div><\/div><\/div>                                                            <\/span>\n                        <\/div>\n                    <\/div>\n                <\/div>\n            <\/div>\n        <\/li>\n        \n    <\/ul>\n<\/div>[\/vc_column][\/vc_row]<\/p>\n","protected":false},"excerpt":{"rendered":"<p>[vc_row css_animation=\u00bb\u00bb row_type=\u00bbrow\u00bb use_row_as_full_screen_section=\u00bbno\u00bb type=\u00bbfull_width\u00bb angled_section=\u00bbno\u00bb text_align=\u00bbleft\u00bb background_image_as_pattern=\u00bbwithout_pattern\u00bb][vc_column][vc_column_text][\/vc_column_text][vc_column_text] Period: 01\/01\/2018-30\/06\/2020 Partners: Dassault Aviation (topic manager), Eurecat (Coordinator), AMADE, Sofitec Project manager: Josep Costa Contact: josep.costa@udg.edu Other AMADE people involved in project: Aravind Sasikumar, Jos\u00e9 Manuel, Joaquim Vila Bramon Partners: &nbsp;&#8230;<\/p>\n","protected":false},"author":1,"featured_media":0,"parent":16363,"menu_order":0,"comment_status":"closed","ping_status":"closed","template":"","meta":{"footnotes":""},"class_list":["post-16438","page","type-page","status-publish","hentry"],"_links":{"self":[{"href":"https:\/\/amade.udg.edu\/index.php\/wp-json\/wp\/v2\/pages\/16438","targetHints":{"allow":["GET"]}}],"collection":[{"href":"https:\/\/amade.udg.edu\/index.php\/wp-json\/wp\/v2\/pages"}],"about":[{"href":"https:\/\/amade.udg.edu\/index.php\/wp-json\/wp\/v2\/types\/page"}],"author":[{"embeddable":true,"href":"https:\/\/amade.udg.edu\/index.php\/wp-json\/wp\/v2\/users\/1"}],"replies":[{"embeddable":true,"href":"https:\/\/amade.udg.edu\/index.php\/wp-json\/wp\/v2\/comments?post=16438"}],"version-history":[{"count":2,"href":"https:\/\/amade.udg.edu\/index.php\/wp-json\/wp\/v2\/pages\/16438\/revisions"}],"predecessor-version":[{"id":16759,"href":"https:\/\/amade.udg.edu\/index.php\/wp-json\/wp\/v2\/pages\/16438\/revisions\/16759"}],"up":[{"embeddable":true,"href":"https:\/\/amade.udg.edu\/index.php\/wp-json\/wp\/v2\/pages\/16363"}],"wp:attachment":[{"href":"https:\/\/amade.udg.edu\/index.php\/wp-json\/wp\/v2\/media?parent=16438"}],"curies":[{"name":"wp","href":"https:\/\/api.w.org\/{rel}","templated":true}]}}