{"id":16442,"date":"2021-11-30T09:56:28","date_gmt":"2021-11-30T09:56:28","guid":{"rendered":"http:\/\/amade.udg.edu\/?page_id=16442"},"modified":"2021-11-30T10:14:19","modified_gmt":"2021-11-30T10:14:19","slug":"aborda","status":"publish","type":"page","link":"https:\/\/amade.udg.edu\/index.php\/research\/projects\/aborda\/","title":{"rendered":"aborda"},"content":{"rendered":"<p>[vc_row css_animation=\u00bb\u00bb row_type=\u00bbrow\u00bb use_row_as_full_screen_section=\u00bbno\u00bb type=\u00bbfull_width\u00bb angled_section=\u00bbno\u00bb text_align=\u00bbleft\u00bb background_image_as_pattern=\u00bbwithout_pattern\u00bb][vc_column][vc_column_text]<\/p>\n<h2 style=\"text-align: center;\"><strong>OPTIMIZACI\u00d3N DEL PROCESO DE DISE\u00d1O COMPLETO DE LA ESTRUCTURA BORDE DE ATAQUE AERON\u00c1UTICO<\/strong><\/h2>\n<p><img fetchpriority=\"high\" decoding=\"async\" class=\"size-medium wp-image-16383 aligncenter\" src=\"http:\/\/amade.udg.edu\/wp-content\/uploads\/2021\/09\/leading-edge-300x254.jpg\" alt=\"\" width=\"300\" height=\"254\" srcset=\"https:\/\/amade.udg.edu\/wp-content\/uploads\/2021\/09\/leading-edge-300x254.jpg 300w, https:\/\/amade.udg.edu\/wp-content\/uploads\/2021\/09\/leading-edge.jpg 412w\" sizes=\"(max-width: 300px) 100vw, 300px\" \/>[\/vc_column_text][vc_column_text]<\/p>\n<p style=\"text-align: center;\">Period: 2014-2017<\/p>\n<p style=\"text-align: center;\">Partners: Aernnova Engineering Solutions Iberia S.A., Instituto Tecnol\u00f3gico de Arag\u00f3n (ITA), AMADE-Universitat de Girona<\/p>\n<p style=\"text-align: center;\">Project manager: Pere Maim\u00ed<\/p>\n<p style=\"text-align: center;\">Contact:\u00a0<a href=\"mailto: pere.maimi@udg.edu\">pere.maimi@udg.edu<\/a><\/p>\n<p style=\"text-align: center;\">Other AMADE people involved in project: Daniel Piedrafita, Carlos Sarrado,<\/p>\n<p style=\"text-align: center;\">Partners:<\/p>\n<p><img decoding=\"async\" class=\"size-medium wp-image-15886 aligncenter\" src=\"http:\/\/amade.udg.edu\/wp-content\/uploads\/2021\/09\/amade-udg-imp4-300x99.png\" alt=\"\" width=\"300\" height=\"99\" srcset=\"https:\/\/amade.udg.edu\/wp-content\/uploads\/2021\/09\/amade-udg-imp4-300x99.png 300w, https:\/\/amade.udg.edu\/wp-content\/uploads\/2021\/09\/amade-udg-imp4.png 462w\" sizes=\"(max-width: 300px) 100vw, 300px\" \/><\/p>\n<p>&nbsp;<\/p>\n<p style=\"text-align: center;\">Funding by:<\/p>\n<p><img decoding=\"async\" class=\"size-full wp-image-16450 aligncenter\" src=\"http:\/\/amade.udg.edu\/wp-content\/uploads\/2021\/11\/LOGOMECCO.jpg\" alt=\"\" width=\"238\" height=\"63\" \/>[\/vc_column_text][vc_row_inner row_type=\u00bbrow\u00bb type=\u00bbfull_width\u00bb text_align=\u00bbleft\u00bb css_animation=\u00bb\u00bb][vc_column_inner][\/vc_column_inner][\/vc_row_inner][\/vc_column][\/vc_row][vc_row css_animation=\u00bb\u00bb row_type=\u00bbrow\u00bb use_row_as_full_screen_section=\u00bbno\u00bb type=\u00bbfull_width\u00bb angled_section=\u00bbno\u00bb text_align=\u00bbleft\u00bb background_image_as_pattern=\u00bbwithout_pattern\u00bb z_index=\u00bb\u00bb padding_top=\u00bb50&#8243; padding_bottom=\u00bb50&#8243;][vc_column][vc_column_text]<\/p>\n<h2><strong>DESCRIPTION<\/strong><\/h2>\n<p>&nbsp;<\/p>\n<p>[\/vc_column_text][\/vc_column][\/vc_row][vc_row css_animation=\u00bb\u00bb row_type=\u00bbrow\u00bb use_row_as_full_screen_section=\u00bbno\u00bb type=\u00bbfull_width\u00bb angled_section=\u00bbno\u00bb text_align=\u00bbleft\u00bb background_image_as_pattern=\u00bbwithout_pattern\u00bb][vc_column][vc_column_text]<\/p>\n<h3>RECENT NEWS<\/h3>\n<p>[\/vc_column_text]\n<div class='latest_post_holder image_in_box  ' >\n    <ul>\n    \n    <\/ul>\n<\/div>[\/vc_column][\/vc_row]<\/p>\n","protected":false},"excerpt":{"rendered":"<p>[vc_row css_animation=\u00bb\u00bb row_type=\u00bbrow\u00bb use_row_as_full_screen_section=\u00bbno\u00bb type=\u00bbfull_width\u00bb angled_section=\u00bbno\u00bb text_align=\u00bbleft\u00bb background_image_as_pattern=\u00bbwithout_pattern\u00bb][vc_column][vc_column_text] OPTIMIZACI\u00d3N DEL PROCESO DE DISE\u00d1O COMPLETO DE LA ESTRUCTURA BORDE DE ATAQUE AERON\u00c1UTICO [\/vc_column_text][vc_column_text] Period: 2014-2017 Partners: Aernnova Engineering Solutions Iberia S.A., Instituto Tecnol\u00f3gico de Arag\u00f3n (ITA), AMADE-Universitat de Girona Project manager:&#8230;<\/p>\n","protected":false},"author":1,"featured_media":0,"parent":16363,"menu_order":0,"comment_status":"closed","ping_status":"closed","template":"","meta":{"footnotes":""},"class_list":["post-16442","page","type-page","status-publish","hentry"],"_links":{"self":[{"href":"https:\/\/amade.udg.edu\/index.php\/wp-json\/wp\/v2\/pages\/16442","targetHints":{"allow":["GET"]}}],"collection":[{"href":"https:\/\/amade.udg.edu\/index.php\/wp-json\/wp\/v2\/pages"}],"about":[{"href":"https:\/\/amade.udg.edu\/index.php\/wp-json\/wp\/v2\/types\/page"}],"author":[{"embeddable":true,"href":"https:\/\/amade.udg.edu\/index.php\/wp-json\/wp\/v2\/users\/1"}],"replies":[{"embeddable":true,"href":"https:\/\/amade.udg.edu\/index.php\/wp-json\/wp\/v2\/comments?post=16442"}],"version-history":[{"count":4,"href":"https:\/\/amade.udg.edu\/index.php\/wp-json\/wp\/v2\/pages\/16442\/revisions"}],"predecessor-version":[{"id":16449,"href":"https:\/\/amade.udg.edu\/index.php\/wp-json\/wp\/v2\/pages\/16442\/revisions\/16449"}],"up":[{"embeddable":true,"href":"https:\/\/amade.udg.edu\/index.php\/wp-json\/wp\/v2\/pages\/16363"}],"wp:attachment":[{"href":"https:\/\/amade.udg.edu\/index.php\/wp-json\/wp\/v2\/media?parent=16442"}],"curies":[{"name":"wp","href":"https:\/\/api.w.org\/{rel}","templated":true}]}}