{"id":17270,"date":"2024-09-19T12:13:11","date_gmt":"2024-09-19T12:13:11","guid":{"rendered":"http:\/\/amade.udg.edu\/?page_id=17270"},"modified":"2024-09-25T09:08:42","modified_gmt":"2024-09-25T09:08:42","slug":"hkk","status":"publish","type":"page","link":"https:\/\/amade.udg.edu\/index.php\/research\/projects\/hkk\/","title":{"rendered":"HKK"},"content":{"rendered":"<p>[vc_row css_animation=\u00bb\u00bb row_type=\u00bbrow\u00bb use_row_as_full_screen_section=\u00bbno\u00bb type=\u00bbfull_width\u00bb angled_section=\u00bbno\u00bb text_align=\u00bbleft\u00bb background_image_as_pattern=\u00bbwithout_pattern\u00bb][vc_column][vc_column_text css=\u00bb.vc_custom_1727254918143{margin-bottom: 50px !important;}\u00bb]<\/p>\n<h3 style=\"text-align: center;\">HKK<\/h3>\n<p>&nbsp;<\/p>\n<h3 style=\"text-align: center; font-size: 20px; text-transform: none;\"><strong>Desarrollo y la fabricaci\u00f3n de las cubiertas protectoras de los tubos fotomultiplicadores, del sistema de ventilaci\u00f3n, del sistema de compensaci\u00f3n geomagn\u00e9tica, de componentes electr\u00f3nicas de procesamiento de la se\u00f1al y en la reconstrucci\u00f3n de la se\u00f1al con t\u00e9cnicas de inteligencia artificial del telescopio de neutrinos HKK (\u201cHyper-Kamiokande\u201d)<\/strong><\/h3>\n<p>&nbsp;<\/p>\n<p>[\/vc_column_text][vc_column_text]<\/p>\n<p style=\"text-align: center;\"><strong>Period:<\/strong> 09\/2022 &#8211; 12\/2025 (40 months)<\/p>\n<p style=\"text-align: center;\"><strong>Project coordinator:<\/strong> Laboratorio Subterraneo de Canfranc (LSC)<\/p>\n<p style=\"text-align: center;\"><strong><img decoding=\"async\" class=\"alignnone wp-image-17381\" src=\"http:\/\/amade.udg.edu\/wp-content\/uploads\/2024\/09\/Logo_Laboratorio_Subterraneo_Canfranc.jpg\" alt=\"\" width=\"200\" height=\"78\" \/><\/strong><\/p>\n<p style=\"text-align: center;\"><strong>Project manager:<\/strong> Pere Maim\u00ed<\/p>\n<p style=\"text-align: center;\"><strong>Contact:<\/strong>\u00a0<a href=\"mailto: pere.maimi@udg.edu\">pere.maimi@udg.edu<\/a><\/p>\n<p style=\"text-align: center;\"><b>Grant agreement number: <\/b><span style=\"font-weight: 400;\">R068\/22 14\/09\/2022<\/span><\/p>\n<p style=\"text-align: center;\"><strong>Other AMADE people involved in project:<\/strong> Oriol Vallmaj\u00f3, Mart\u00ed Descamps, Llu\u00eds Ripoll<\/p>\n<p style=\"text-align: center;\"><strong>Partners:<\/strong> DIPC, U. Valencia, U. Oviedo, U. Santiago de Compostela, Amade-UdG<\/p>\n<p style=\"text-align: center;\"><strong><img fetchpriority=\"high\" decoding=\"async\" class=\"alignnone wp-image-17382 size-large\" src=\"http:\/\/amade.udg.edu\/wp-content\/uploads\/2024\/09\/logos-hkk-1024x110.png\" alt=\"\" width=\"1024\" height=\"110\" srcset=\"https:\/\/amade.udg.edu\/wp-content\/uploads\/2024\/09\/logos-hkk-1024x110.png 1024w, https:\/\/amade.udg.edu\/wp-content\/uploads\/2024\/09\/logos-hkk-300x32.png 300w, https:\/\/amade.udg.edu\/wp-content\/uploads\/2024\/09\/logos-hkk-768x83.png 768w, https:\/\/amade.udg.edu\/wp-content\/uploads\/2024\/09\/logos-hkk-1536x165.png 1536w, https:\/\/amade.udg.edu\/wp-content\/uploads\/2024\/09\/logos-hkk-2048x220.png 2048w, https:\/\/amade.udg.edu\/wp-content\/uploads\/2024\/09\/logos-hkk-700x75.png 700w\" sizes=\"(max-width: 1024px) 100vw, 1024px\" \/><\/strong><\/p>\n<p style=\"text-align: center;\"><strong>web:<\/strong><a href=\"https:\/\/www-sk.icrr.u-tokyo.ac.jp\/en\/hk\/\"> https:\/\/www-sk.icrr.u-tokyo.ac.jp\/en\/hk\/<\/a><\/p>\n<p style=\"text-align: center;\"><b>Funded by<\/b><span style=\"font-weight: 400;\">: Funded by \u201cMinisterio de Ciencia e Innovaci\u00f3n\u201d (MCIN) in the Plan de Recuperaci\u00f3n, Transformaci\u00f3n y Resiliencia under reference R068\/22 14\/09\/2022<\/span><\/p>\n<p><img decoding=\"async\" class=\"size-medium wp-image-17297 aligncenter\" src=\"http:\/\/amade.udg.edu\/wp-content\/uploads\/2024\/09\/Logo_-Plan-Recuperacion_Trnasformacion-Y-Reciliencia-300x143.png\" alt=\"\" width=\"300\" height=\"143\" srcset=\"https:\/\/amade.udg.edu\/wp-content\/uploads\/2024\/09\/Logo_-Plan-Recuperacion_Trnasformacion-Y-Reciliencia-300x143.png 300w, https:\/\/amade.udg.edu\/wp-content\/uploads\/2024\/09\/Logo_-Plan-Recuperacion_Trnasformacion-Y-Reciliencia.png 325w\" sizes=\"(max-width: 300px) 100vw, 300px\" \/><img loading=\"lazy\" decoding=\"async\" class=\"alignnone size-medium wp-image-17298 aligncenter\" src=\"http:\/\/amade.udg.edu\/wp-content\/uploads\/2024\/09\/Logo_ES-Financiado-por-la-Union-Europea_POS-1024x301-1-300x88.jpg\" alt=\"\" width=\"300\" height=\"88\" srcset=\"https:\/\/amade.udg.edu\/wp-content\/uploads\/2024\/09\/Logo_ES-Financiado-por-la-Union-Europea_POS-1024x301-1-300x88.jpg 300w, https:\/\/amade.udg.edu\/wp-content\/uploads\/2024\/09\/Logo_ES-Financiado-por-la-Union-Europea_POS-1024x301-1-768x226.jpg 768w, https:\/\/amade.udg.edu\/wp-content\/uploads\/2024\/09\/Logo_ES-Financiado-por-la-Union-Europea_POS-1024x301-1-700x206.jpg 700w, https:\/\/amade.udg.edu\/wp-content\/uploads\/2024\/09\/Logo_ES-Financiado-por-la-Union-Europea_POS-1024x301-1.jpg 1024w\" sizes=\"(max-width: 300px) 100vw, 300px\" \/>[\/vc_column_text][vc_row_inner row_type=\u00bbrow\u00bb type=\u00bbfull_width\u00bb text_align=\u00bbleft\u00bb css_animation=\u00bb\u00bb][vc_column_inner][\/vc_column_inner][\/vc_row_inner][vc_row_inner row_type=\u00bbrow\u00bb type=\u00bbfull_width\u00bb text_align=\u00bbleft\u00bb css_animation=\u00bb\u00bb padding_top=\u00bb30&#8243; padding_bottom=\u00bb10&#8243;][vc_column_inner width=\u00bb1\/6&#8243;][\/vc_column_inner][vc_column_inner width=\u00bb2\/3&#8243;][\/vc_column_inner][vc_column_inner width=\u00bb1\/6&#8243;][\/vc_column_inner][\/vc_row_inner][\/vc_column][\/vc_row][vc_row css_animation=\u00bb\u00bb row_type=\u00bbrow\u00bb use_row_as_full_screen_section=\u00bbno\u00bb type=\u00bbfull_width\u00bb angled_section=\u00bbno\u00bb text_align=\u00bbleft\u00bb background_image_as_pattern=\u00bbwithout_pattern\u00bb z_index=\u00bb\u00bb padding_top=\u00bb50&#8243; padding_bottom=\u00bb50&#8243;][vc_column][vc_column_text]<\/p>\n<h2><strong>DESCRIPTION<\/strong><\/h2>\n<p>&nbsp;<\/p>\n<p>Objetivos de la participaci\u00f3n espa\u00f1ola en el experimento HKK<\/p>\n<p>El objetivo com\u00fan de los grupos espa\u00f1oles que participan en el experimento HKK es contribuir a la construcci\u00f3n del detector. En particular, los grupos espa\u00f1oles participar\u00e1n en el <strong>desarrollo y la fabricaci\u00f3n de las cubiertas protectoras de los tubos fotomultiplicadores,<\/strong> del sistema de ventilaci\u00f3n, del sistema de compensaci\u00f3n geomagn\u00e9tica, de componentes electr\u00f3nicas de procesamiento de la se\u00f1al y en la reconstrucci\u00f3n de la se\u00f1al con t\u00e9cnicas de inteligencia artificial.<\/p>\n<p>[\/vc_column_text][\/vc_column][\/vc_row][vc_row css_animation=\u00bb\u00bb row_type=\u00bbrow\u00bb use_row_as_full_screen_section=\u00bbno\u00bb type=\u00bbfull_width\u00bb angled_section=\u00bbno\u00bb text_align=\u00bbleft\u00bb background_image_as_pattern=\u00bbwithout_pattern\u00bb][vc_column][vc_column_text]<\/p>\n<h3>RECENT NEWS<\/h3>\n<p>[\/vc_column_text]\n<div class='latest_post_holder image_in_box  ' >\n    <ul>\n    \n    <\/ul>\n<\/div>[\/vc_column][\/vc_row]<\/p>\n","protected":false},"excerpt":{"rendered":"<p>[vc_row css_animation=\u00bb\u00bb row_type=\u00bbrow\u00bb use_row_as_full_screen_section=\u00bbno\u00bb type=\u00bbfull_width\u00bb angled_section=\u00bbno\u00bb text_align=\u00bbleft\u00bb background_image_as_pattern=\u00bbwithout_pattern\u00bb][vc_column][vc_column_text css=\u00bb.vc_custom_1727254918143{margin-bottom: 50px !important;}\u00bb] HKK &nbsp; Desarrollo y la fabricaci\u00f3n de las cubiertas protectoras de los tubos fotomultiplicadores, del sistema de ventilaci\u00f3n, del sistema de compensaci\u00f3n geomagn\u00e9tica, de componentes electr\u00f3nicas de procesamiento de&#8230;<\/p>\n","protected":false},"author":1,"featured_media":0,"parent":16363,"menu_order":0,"comment_status":"closed","ping_status":"closed","template":"","meta":{"footnotes":""},"class_list":["post-17270","page","type-page","status-publish","hentry"],"_links":{"self":[{"href":"https:\/\/amade.udg.edu\/index.php\/wp-json\/wp\/v2\/pages\/17270","targetHints":{"allow":["GET"]}}],"collection":[{"href":"https:\/\/amade.udg.edu\/index.php\/wp-json\/wp\/v2\/pages"}],"about":[{"href":"https:\/\/amade.udg.edu\/index.php\/wp-json\/wp\/v2\/types\/page"}],"author":[{"embeddable":true,"href":"https:\/\/amade.udg.edu\/index.php\/wp-json\/wp\/v2\/users\/1"}],"replies":[{"embeddable":true,"href":"https:\/\/amade.udg.edu\/index.php\/wp-json\/wp\/v2\/comments?post=17270"}],"version-history":[{"count":9,"href":"https:\/\/amade.udg.edu\/index.php\/wp-json\/wp\/v2\/pages\/17270\/revisions"}],"predecessor-version":[{"id":17383,"href":"https:\/\/amade.udg.edu\/index.php\/wp-json\/wp\/v2\/pages\/17270\/revisions\/17383"}],"up":[{"embeddable":true,"href":"https:\/\/amade.udg.edu\/index.php\/wp-json\/wp\/v2\/pages\/16363"}],"wp:attachment":[{"href":"https:\/\/amade.udg.edu\/index.php\/wp-json\/wp\/v2\/media?parent=17270"}],"curies":[{"name":"wp","href":"https:\/\/api.w.org\/{rel}","templated":true}]}}